{"id":36,"date":"2016-12-07T10:25:50","date_gmt":"2016-12-07T09:25:50","guid":{"rendered":"http:\/\/web.fe.infn.it\/u\/gambetti\/pls\/?page_id=36"},"modified":"2020-01-27T16:53:52","modified_gmt":"2020-01-27T15:53:52","slug":"progettols","status":"publish","type":"page","link":"https:\/\/www.fe.infn.it\/pls_scienzedellaterra\/?page_id=36","title":{"rendered":"PLS 2017"},"content":{"rendered":"<h3>&#8220;AZIONE A: LABORATORI PER L\u2019INSEGNAMENTO DELLE SCIENZE DI BASE\u201d<\/h3>\n<p align=\"justify\"><b>Laboratorio \u201csul campo\u201d<\/b><\/p>\n<p align=\"justify\">1. <b>Escursione geologico-paleontologica. La vita nei mari tropicali italiani di 50 milioni di anni fa: visita al Museo e alle cave di Bolca.<\/b>\u00a0Un seminario in aula illustrer\u00e0 il giacimento fossilifero di Bolca (2 ore) a cui far\u00e0 seguito un\u2019escursione giornaliera nei Monti Lessini (Verona). 1 giorno. (Referenti Proff. Posenato e Bassi)<\/p>\n<p align=\"justify\">2. <b>Escursione geomorfologico-ambientale sul delta del Po e sulla costa.<\/b>\u00a01 giorno. (Referente Prof. Ciavola)<\/p>\n<p align=\"justify\"><b>Laboratorio tematico<\/b><\/p>\n<p align=\"justify\"><b>Alla scoperta del patrimonio lapideo nel Centro urbano di Ferrara.\u00a0<\/b>5 giorni. (Referente Prof.ssa Vaccaro)<\/p>\n<p align=\"justify\">1\u00b0 giorno: lezione introduttiva in classe con illustrazione del percorso e delle metodologie che saranno utilizzate e introduzione al problema specifico a e i risultati (5 ore dalle 8.30 alle 13.30).<\/p>\n<p align=\"justify\">2\u00b0 giorno: organizzazione di schede classificative da utilizzare nell&#8217;escursione didattica ed utilizzo della termocamera per il rilievo termico dei monumenti (5 ore dalle 8.30 alle 13.30).<\/p>\n<p align=\"justify\">3\u00b0 giorno: partenza da Piazza Municipale e analisi dei marmi utilizzati nell&#8217;arredo urbano (5 ore dalle 8.30 alle 13.30).<\/p>\n<p align=\"justify\">4\u00b0 giorno: redazione delle schede sul patrimonio osservato attraverso rilievo fotografico (5 ore dalle 8.30 alle 13.30).<\/p>\n<p align=\"justify\">5\u00b0 giorno: redazione della relazione ed inserimento del lavoro svolto sul portale del sito web della scuola (5 ore dalle 8.30 alle 13.30).<\/p>\n<p><strong>Stage Estivo<\/strong><\/p>\n<p><b>&#8220;Laboratorio terra: il ruolo del Geologo per l&#8217;ambiente&#8221;.<\/b> 12-16 giugno 2017\u200b. Numero chiuso, massimo 20 studenti; durata 5 giorni (20 ore) riservato agli studenti delle classi 4\u02c6.<\/p>\n<p>Il laboratorio intende spiegare come poter caratterizzare le matrici ambientali di un ecosistema complesso. Verr\u00e0 preso in considerazione il Po di Volano nelle vicinanze del polo scientifico, e verranno investigate le sue acque e i suoi sedimenti.<\/p>\n<p>Programma:<\/p>\n<p>1\u00b0 giorno: lezione introduttiva in classe con illustrazione dell\u2019approccio e delle metodologie che saranno utilizzate, nonch\u00e9 definizione dello specifico caso di studio (5 ore dalle 8.30 alle 13.30).<\/p>\n<p>2\u00b0 giorno: campionamento delle acque e dei sedimenti in darsena del Po di Volano e trasporto dei campioni ai laboratori del Dipartimento di Fisica e Scienze della Terra\u00a0(5 ore dalle 8.30 alle 13.30).<\/p>\n<p>3\u00b0 giorno: analisi\u00a0e sperimentazione presso i laboratori del Dipartimento di Fisica e Scienze della Terra (5 ore dalle 8.30 alle 13.30)<\/p>\n<p>4\u00b0 giorno: analisi e sperimentazione presso i laboratori del Dipartimento di Fisica e Scienze della Terra (5 ore dalle 8.30 alle 13.30)<\/p>\n<p>5\u00b0 giorno: elaborazione dei risultati e \u00a0redazione della relazione di sintesi finale (5 ore dalle 8.30 alle 13.30).<\/p>\n<h3>&#8220;AZIONE B: AUTOVALUTAZIONE\u201d<\/h3>\n<p align=\"justify\">Test di autovalutazione verranno proposti agli studenti al termine delle attivit\u00e0 svolte.<\/p>\n<h3>&#8220;AZIONE C: FORMAZIONE INSEGNANTI\u201d<\/h3>\n<p align=\"justify\"><b>&#8220;Escursione\u201d<\/b><\/p>\n<p align=\"justify\">In accordo con i referenti PLS dell\u2019Emilia-Romagna (Bologna, Modena-Reggio, Parma) sar\u00e0 organizzata un&#8217;escursione geologica, riservata ai soli docenti di Scienze, alla Frana del Vajont. Si svolger\u00e0 nella seconda met\u00e0 di ottobre 2016: nei due giorni di escursione saranno presentati ai professori materiali audio-visivi, si visiteranno il museo di Longarone e la frana, saranno forniti materiali scientifici divulgativi sulla frana.<\/p>\n<p align=\"justify\"><i>(vedi materiale allegato)<\/i><\/p>\n<p align=\"justify\">Nele giornate 18-19 Settembre 2017 \u00e8 stata organizzata un&#8217; escursione geologica di 2 giorni nella valli del Senio e del Santerno (Province di Bologna e Ravenna) che avr\u00e0 come principale tema geologico la formazione Marnoso Arenacea. Per informazioni pi\u00f9 dettagliate vedi il volantino allegato.<\/p>\n<p align=\"justify\"><a href=\"http:\/\/web.fe.infn.it\/orientamento_scienzedellaterra\/wp-content\/uploads\/2016\/12\/volantino_escursione_Marnoso_arenacea.pdf\">Programma_escursione_PLS_Marnoso_arenacea<\/a><\/p>\n<p align=\"justify\"><b>&#8220;Corsi di Formazione\u201d<\/b><\/p>\n<p align=\"justify\">I 5 corsi di Laurea dell\u2019Universit\u00e0 di Ferrara che partecipano al Piano Nazionale delle Lauree Scientifiche organizzano un corso di formazione interdisciplinare per insegnanti della scuola secondaria 25 Settembre- 27 Ottobre 2017 dal titolo &#8220;<strong>ORDINE e SIMMETRIE<\/strong>&#8220;<\/p>\n<p>Il corso descrive l\u2019argomento integrando le competenze nelle diverse discipline: biologia, chimica, fisica, geologia e matematica, e per illustrare come atomi e molecole si possano disporre in strutture ordinate e simmetriche descrivibili da opportune funzioni matematiche.<\/p>\n<p>Il corso prevede un impegno complessivo di 25 ore, suddivise in 15 ore in presenza e 10 ore di lavoro individuale, per il conseguimento di 1 Credito Formativo Universitario (CFU).<br \/>\nL\u2019attivit\u00e0 \u00e8 articolata in cinque incontri pomeridiani che consistono in una lezioni frontale (1 ora) seguita da esperienze laboratoriali (2 ore).<\/p>\n<p align=\"justify\">Al corso sono ammessi gli insegnanti delle scuole secondarie di secondo grado appartenenti alle classi di concorso: A020, A026, A027, A028, A032, A034, A047, A50.<\/p>\n<p align=\"justify\">Responsabile del corso: Prof. M.Chiara Pietrogrande, Dipartimento di Scienze Chimiche e Farmaceutiche, email: mpc@uife.it<\/p>\n<p align=\"justify\">ID: 3038<\/p>\n<p align=\"justify\"><a href=\"http:\/\/web.fe.infn.it\/orientamento_scienzedellaterra\/wp-content\/uploads\/2017\/09\/locandina_Ordine-e-Simmetrie.pdf\">Per scaricare la locandina del corso<\/a><\/p>\n<p align=\"justify\">\n<h3 align=\"justify\">&#8220;CONFERENZE ED EVENTI&#8221;<\/h3>\n<p><b>5 ciclo di conferenze itineranti<\/b><\/p>\n<p><b>Distinguished Lectures SGI &#8211; SIMP<\/b><\/p>\n<p>Societ\u00e0 Gelogica Italiana e Societ\u00e0 Italiana di Mineralogia e Petrologia hanno il piacere di annunciare una iniziativa\u00a0 congiunta\u00a0 che\u00a0 ha\u00a0 lo\u00a0 scopo\u00a0 di\u00a0 stimolare\u00a0 un\u00a0 critico\u00a0 dibattito\u00a0 interdisciplinare\u00a0 su\u00a0 tematiche\u00a0 delle Scienze della Terra. Le\u00a0 Distinguished Lectures sono una serie di conferenze itineranti che ogni anno verranno offerte a 6 sedi. Ciascun\u00a0 ciclo\u00a0 tratter\u00e0\u00a0 una\u00a0 tematica\u00a0 vista\u00a0 da\u00a0 prospettive\u00a0 differenti\u00a0 da\u00a0 parte\u00a0 di\u00a0 conferenzieri\u00a0 che presenteranno\u00a0 loro\u00a0 ricerche\u00a0 innovative\u00a0 e\u00a0 criticamente\u00a0 provocatorie.\u00a0 Le\u00a0 due\u00a0 conferenze\u00a0 verranno\u00a0 tenute congiuntamente e sono rivolte a studenti, dottorandi, assegnisti e ricercatori.<\/p>\n<p>ll Tema delle DISTINGUISHED LECTURES 2016\u00a0 \u00e8:<\/p>\n<p><b>I RITMI DELLA TERRA: GEODINAMICA, SISMICITA&#8217; E VULCANISMO<\/b><\/p>\n<p><span class=\"discreet\">e verra&#8217; trattato con i contributi di<\/span><\/p>\n<p><b>Carlo Doglioni<\/b><\/p>\n<p><span class=\"discreet\">Dipartimento di Scienze della Terra, Universita&#8217; Sapienza Roma<\/span><b><\/b><\/p>\n<p><b>Tettonica delle placche polarizzata\u00a0<\/b><\/p>\n<p><span class=\"discreet\">e<\/span><b><\/b><\/p>\n<p><b>Diego Perugini<\/b><\/p>\n<p><span class=\"discreet\">Dipartimento di Fisica e Geologia, Universita&#8217; di Perugia<\/span><\/p>\n<p><b>Un orologio geochimico per misurare le tempistiche delle eruzioni vulcaniche<\/b><\/p>\n<h3 align=\"justify\"><b>&#8220;AZIONE D: RIDUZIONE DEL TASSO DI ABBANDONO\u201d<\/b><\/h3>\n<p align=\"justify\"><b>&#8220;Escursione\u201d<\/b><\/p>\n<p align=\"justify\">Escursione geologica interdisciplinare per gli studenti del 1\u00b0 anno 1\u00b0 semestre: Lavini di Marco e Alto Garda (referenti Proff. Morsilli, Gianolla, Posenato, Ghirotti).<\/p>\n","protected":false},"excerpt":{"rendered":"<p>&#8220;AZIONE A: LABORATORI PER L\u2019INSEGNAMENTO DELLE SCIENZE DI BASE\u201d Laboratorio \u201csul campo\u201d 1. Escursione geologico-paleontologica. La vita nei mari tropicali italiani di 50 milioni di anni fa: visita al Museo e alle cave di Bolca.\u00a0Un seminario in aula illustrer\u00e0 il giacimento fossilifero di Bolca (2 ore) a cui far\u00e0 seguito un\u2019escursione giornaliera nei Monti Lessini [&hellip;]<\/p>\n","protected":false},"author":1,"featured_media":0,"parent":545,"menu_order":0,"comment_status":"closed","ping_status":"closed","template":"","meta":{"footnotes":""},"class_list":["post-36","page","type-page","status-publish","hentry"],"_links":{"self":[{"href":"https:\/\/www.fe.infn.it\/pls_scienzedellaterra\/index.php?rest_route=\/wp\/v2\/pages\/36","targetHints":{"allow":["GET"]}}],"collection":[{"href":"https:\/\/www.fe.infn.it\/pls_scienzedellaterra\/index.php?rest_route=\/wp\/v2\/pages"}],"about":[{"href":"https:\/\/www.fe.infn.it\/pls_scienzedellaterra\/index.php?rest_route=\/wp\/v2\/types\/page"}],"author":[{"embeddable":true,"href":"https:\/\/www.fe.infn.it\/pls_scienzedellaterra\/index.php?rest_route=\/wp\/v2\/users\/1"}],"replies":[{"embeddable":true,"href":"https:\/\/www.fe.infn.it\/pls_scienzedellaterra\/index.php?rest_route=%2Fwp%2Fv2%2Fcomments&post=36"}],"version-history":[{"count":12,"href":"https:\/\/www.fe.infn.it\/pls_scienzedellaterra\/index.php?rest_route=\/wp\/v2\/pages\/36\/revisions"}],"predecessor-version":[{"id":578,"href":"https:\/\/www.fe.infn.it\/pls_scienzedellaterra\/index.php?rest_route=\/wp\/v2\/pages\/36\/revisions\/578"}],"up":[{"embeddable":true,"href":"https:\/\/www.fe.infn.it\/pls_scienzedellaterra\/index.php?rest_route=\/wp\/v2\/pages\/545"}],"wp:attachment":[{"href":"https:\/\/www.fe.infn.it\/pls_scienzedellaterra\/index.php?rest_route=%2Fwp%2Fv2%2Fmedia&parent=36"}],"curies":[{"name":"wp","href":"https:\/\/api.w.org\/{rel}","templated":true}]}}