{"id":659,"date":"2020-04-06T15:54:26","date_gmt":"2020-04-06T13:54:26","guid":{"rendered":"http:\/\/www.fe.infn.it\/cosmologia\/?page_id=659"},"modified":"2025-11-03T21:47:47","modified_gmt":"2025-11-03T20:47:47","slug":"luca-pagano","status":"publish","type":"page","link":"https:\/\/www.fe.infn.it\/cosmologia\/?page_id=659","title":{"rendered":"Luca Pagano"},"content":{"rendered":"<h1><span style=\"color: #22a1c4;\"><strong>Luca Pagano<\/strong><\/span><\/h1>\n<h4>Professore Associato<\/h4>\n<p><img loading=\"lazy\" decoding=\"async\" class=\"size-medium wp-image-17 alignleft\" src=\"http:\/\/www.fe.infn.it\/cosmologia\/wp-content\/uploads\/2020\/09\/Screenshot-2020-09-25-at-14.30.35.png\" alt=\"\" width=\"208\" height=\"300\" \/><\/p>\n<p>Laureato in Astrofisica con Lode presso l&#8217;Universit\u00e0 di Roma &#8220;La Sapienza&#8221; nel 2007. Consegue il titolo di Dottore di Ricerca in Astronomia presso la stessa Universit\u00e0 nel 2010. Dal 2010 al 2011 \u00e8 Research scolar presso il Jet Propulsion Laboratory. Dal 2012 al 2015 \u00e8 titolare di un assegno di ricerca presso l&#8217;Universit\u00e0 di Roma &#8220;La Sapienza&#8221;. Dal 2016 al 2018 \u00e8 prima post-doc CNRS, poi CNES fellow presso l&#8217;Institut d&#8217;Astrophysique Spatiale di Orsay e visiting presso l&#8217;Institut d&#8217;Astrophysique de Paris. Da settembre 2021 \u00e8 Professore Associato presso l&#8217;Universit\u00e0 di Ferrara.<\/p>\n<p>Lavora nel campo della cosmologia, occupandosi in particolare dell&#8217;analisi dati di esperimenti volti alla misura delle anisotropie della radiazione cosmica di fondo e della possibilit\u00e0 di vincolare parametri di fisica fondamentale tramite osservazioni cosmologiche. E&#8217; membro dal 2008 del &#8220;Core Team&#8221; della collaborazione del satellite ESA Planck, in cui si e&#8217; occupato principalmente dei beam effettivi, funzione di trasferimento dei bolometri e della polarizzazione a grande scala. Per la Planck release 2018 e&#8217; corresponding author dell&#8217;articolo sulla likelihood function. E&#8217; inoltre membro delle collaborazioni LiteBIRD, Euclid e Simons Observatory, nonch\u00e9 del progetto ASI\/COSMOS.<br \/>\n\u00c8 autore o coautore di numerosi (oltre 200) lavori su riviste internazionali con referee, oltre che di svariati proceedings e contributi a conferenze. Il suo h-index \u00e8 superiore a 70 (fonte inSPIRE). Attualmente insegna relativit\u00e0 generale presso la laurea magistrale in Fisica dell&#8217;universit\u00e0 di Ferrara.<\/p>\n<p><em><strong>Contatti<\/strong><\/em>:<\/p>\n<p>E-mail:\u00a0<a href=\"mailto:pgnlcu@unife.it\">pgnlcu@unife.it<\/a><\/p>\n<p>Ufficio: 402 Blocco C<\/p>\n<p>Pagina web personale:\u00a0<a href=\"http:\/\/docente.unife.it\/luca.pagano\/\/\">http:\/\/docente.unife.it\/luca.pagano<\/a><\/p>\n","protected":false},"excerpt":{"rendered":"<p>Luca Pagano Professore Associato Laureato in Astrofisica con Lode presso l&#8217;Universit\u00e0 di Roma &#8220;La Sapienza&#8221; nel 2007. Consegue il titolo di Dottore di Ricerca in Astronomia presso la stessa Universit\u00e0 nel 2010. Dal 2010 al 2011 \u00e8 Research scolar presso il Jet Propulsion Laboratory. Dal 2012 al 2015 \u00e8 titolare di un assegno di ricerca [&hellip;]<\/p>\n","protected":false},"author":4,"featured_media":0,"parent":0,"menu_order":0,"comment_status":"closed","ping_status":"closed","template":"","meta":{"footnotes":""},"class_list":["post-659","page","type-page","status-publish","hentry"],"_links":{"self":[{"href":"https:\/\/www.fe.infn.it\/cosmologia\/index.php?rest_route=\/wp\/v2\/pages\/659","targetHints":{"allow":["GET"]}}],"collection":[{"href":"https:\/\/www.fe.infn.it\/cosmologia\/index.php?rest_route=\/wp\/v2\/pages"}],"about":[{"href":"https:\/\/www.fe.infn.it\/cosmologia\/index.php?rest_route=\/wp\/v2\/types\/page"}],"author":[{"embeddable":true,"href":"https:\/\/www.fe.infn.it\/cosmologia\/index.php?rest_route=\/wp\/v2\/users\/4"}],"replies":[{"embeddable":true,"href":"https:\/\/www.fe.infn.it\/cosmologia\/index.php?rest_route=%2Fwp%2Fv2%2Fcomments&post=659"}],"version-history":[{"count":11,"href":"https:\/\/www.fe.infn.it\/cosmologia\/index.php?rest_route=\/wp\/v2\/pages\/659\/revisions"}],"predecessor-version":[{"id":2405,"href":"https:\/\/www.fe.infn.it\/cosmologia\/index.php?rest_route=\/wp\/v2\/pages\/659\/revisions\/2405"}],"wp:attachment":[{"href":"https:\/\/www.fe.infn.it\/cosmologia\/index.php?rest_route=%2Fwp%2Fv2%2Fmedia&parent=659"}],"curies":[{"name":"wp","href":"https:\/\/api.w.org\/{rel}","templated":true}]}}