{"id":619,"date":"2020-04-06T12:48:00","date_gmt":"2020-04-06T10:48:00","guid":{"rendered":"http:\/\/www.fe.infn.it\/cosmologia\/?page_id=619"},"modified":"2022-12-02T15:27:45","modified_gmt":"2022-12-02T14:27:45","slug":"margherita-lembo","status":"publish","type":"page","link":"https:\/\/www.fe.infn.it\/cosmologia\/?page_id=619","title":{"rendered":"Margherita Lembo"},"content":{"rendered":"<h1><span style=\"color: #22a1c4;\"><strong>Margherita Lembo<\/strong><\/span><\/h1>\n<h4><span style=\"color: #ffffff;\"><strong>Postdoc<\/strong><\/span><\/h4>\n<p><img loading=\"lazy\" decoding=\"async\" class=\"size-medium wp-image-17 alignleft\" src=\"http:\/\/www.fe.infn.it\/cosmologia\/wp-content\/uploads\/2020\/04\/MargheritaLembo.jpg\" alt=\"\" width=\"208\" height=\"300\"><\/p>\n<p>Margherita Lembo \u00e8 una cosmologa. La sua ricerca si concentra principalmente sulla radiazione cosmica di fondo (in inglese Cosmic Microwave Background, CMB). Margherita ha conseguito il dottorato di ricerca presso l\u2019Universit\u00e0 degli Studi di Ferrara, si \u00e8, poi, trasferita alla Sussex University (in UK) con un borsa  finanziata dalla Fondazione \u201cAngelo Della Riccia\u201d. Attualmente \u00e8 tornata a Ferrara con un assegno di ricerca.<br \/>\nParte del suo lavoro si concentra  sulla possibilit\u00e0 di estrarre nuove informazioni dalla polarizzazione della CMB. Ha sviluppato un nuovo formalismo che interpreta il mixing tra le differenti componenti di polarizzazione della CMB in termini di un tensore di suscettibilit\u00e0 efficace. Ci\u00f2 consente di calcolare facilmente gli spettri della CMB, inclusi gli spettri che violano parit\u00e0 (ad esempio, EB e TB) e lo spettro della polarizzazione circolare. Sta lavorando per applicare questo formalismo al modello pi\u00f9 generale possibile che includa violazione della simmetria CPT e dell\u2019invarianza di Lorentz. Sta anche studiando la sensibilit\u00e0 di futuri esperimenti di CMB, come LiteBIRD, alla polarizzazione circolare, che potrebbe essere la cartina tornasole di nuova fisica oltre il Modello Standard. Inoltre, sta attualmente sfruttando i dati di Planck 2018 per vincolare la birifrangenza cosmica anisotropa.<br \/>\nUn\u2019altra parte del lavoro di Margherita include lo studio del lensing della CMB. Pi\u00f9 nel dettaglio, lavora sui bias che possono interessare il potenziale di lensing della CMB quando si mascherano aree del cielo correlate al potenziale di lensing stesso.  Questo \u00e8 topic particolarmente interessante e attuale considerando l\u2019alta risoluzione che sar\u00e0 raggiunta dai futuri esperimenti che misureranno la CMB.<br \/>\nInfine, Margherita \u00e8 anche coinvolta nel CMBX Science Working Group di Euclid, dove il suo contributo consiste principalmente nel testare la ricetta della likelihood ISWxGalaxy.<\/p>\n<p><em><strong>Contatti<\/strong><\/em>:<\/p>\n<p>E-mail:&nbsp;<a href=\"mailto:margherita.lembo@unife.it\">margherita.lembo@unife.it<\/a><\/p>\n<p>Ufficio: Blocco C, stanza 413<\/p>\n<p>Pagina web personale:&nbsp;<a href=\"http:\/\/\">http:\/\/<\/a><\/p>\n","protected":false},"excerpt":{"rendered":"<p>Margherita Lembo Postdoc Margherita Lembo \u00e8 una cosmologa. La sua ricerca si concentra principalmente sulla radiazione cosmica di fondo (in inglese Cosmic Microwave Background, CMB). Margherita ha conseguito il dottorato di ricerca presso l\u2019Universit\u00e0 degli Studi di Ferrara, si \u00e8, poi, trasferita alla Sussex University (in UK) con un borsa finanziata dalla Fondazione \u201cAngelo Della [&hellip;]<\/p>\n","protected":false},"author":4,"featured_media":0,"parent":0,"menu_order":0,"comment_status":"closed","ping_status":"closed","template":"","meta":{"footnotes":""},"class_list":["post-619","page","type-page","status-publish","hentry"],"_links":{"self":[{"href":"https:\/\/www.fe.infn.it\/cosmologia\/index.php?rest_route=\/wp\/v2\/pages\/619","targetHints":{"allow":["GET"]}}],"collection":[{"href":"https:\/\/www.fe.infn.it\/cosmologia\/index.php?rest_route=\/wp\/v2\/pages"}],"about":[{"href":"https:\/\/www.fe.infn.it\/cosmologia\/index.php?rest_route=\/wp\/v2\/types\/page"}],"author":[{"embeddable":true,"href":"https:\/\/www.fe.infn.it\/cosmologia\/index.php?rest_route=\/wp\/v2\/users\/4"}],"replies":[{"embeddable":true,"href":"https:\/\/www.fe.infn.it\/cosmologia\/index.php?rest_route=%2Fwp%2Fv2%2Fcomments&post=619"}],"version-history":[{"count":12,"href":"https:\/\/www.fe.infn.it\/cosmologia\/index.php?rest_route=\/wp\/v2\/pages\/619\/revisions"}],"predecessor-version":[{"id":1769,"href":"https:\/\/www.fe.infn.it\/cosmologia\/index.php?rest_route=\/wp\/v2\/pages\/619\/revisions\/1769"}],"wp:attachment":[{"href":"https:\/\/www.fe.infn.it\/cosmologia\/index.php?rest_route=%2Fwp%2Fv2%2Fmedia&parent=619"}],"curies":[{"name":"wp","href":"https:\/\/api.w.org\/{rel}","templated":true}]}}