{"id":256,"date":"2017-01-30T14:36:36","date_gmt":"2017-01-30T13:36:36","guid":{"rendered":"http:\/\/www.fe.infn.it\/cosmologia\/?page_id=256"},"modified":"2025-07-11T15:09:54","modified_gmt":"2025-07-11T13:09:54","slug":"massimiliano-lattanzi","status":"publish","type":"page","link":"https:\/\/www.fe.infn.it\/cosmologia\/?page_id=256","title":{"rendered":"Massimiliano Lattanzi"},"content":{"rendered":"<div>\n<h1><span style=\"color: #22a1c4;\"><strong>Massimiliano Lattanzi<\/strong><\/span><\/h1>\n<div>\n<h4><span style=\"color: #ffffff;\">Ricercatore a tempo indeterminato INFN<\/span><\/h4>\n<\/div>\n<\/div>\n<div>\n<p><span style=\"color: #333333;\"><span style=\"color: #333333;\"><img loading=\"lazy\" decoding=\"async\" class=\"alignleft wp-image-26 size-medium\" src=\"http:\/\/www.fe.infn.it\/cosmologia\/wp-content\/uploads\/2020\/09\/foto_Max.jpg\" width=\"300\" height=\"296\" \/><\/span><\/span><\/p>\n<p>Massimiliano Lattanzi \u00e8 primo ricercatore presso l&#8217;Istituto Nazionale di Fisica Nucleare (INFN) e professore a contratto all&#8217;Universit\u00e0 di Ferrara, dove insegna il corso di Bayesian Inference per la laurea magistrale in Physics. Ha conseguito il Dottorato presso l&#8217;Universit\u00e0 di Roma &#8220;Sapienza&#8221;, con una tesi sui vincoli cosmologici alla fisica del neutrino. In seguito, \u00e8 stato postdoc, tra gli altri, presso l&#8217;Instituto de Fis\u00edca Corpuscular (Valencia, ES), la University of Oxford (UK) e l&#8217;Universit\u00e0 di Ferrara.<\/p>\n<p>Massimiliano \u00e8 un fisico teorico che lavora all&#8217;interfaccia tra la cosmologia e la fisica delle particelle. In particolare, studia la fenomenologia cosmologica di modelli di fisica delle particelle, allo scopo di estrarre informazioni su questi modelli dalle osservazioni cosmologiche. Come esempio, porta avanti da molti anni un&#8217;attivit\u00e0 di ricerca sui vincoli cosmologici alle propriet\u00e0 dei neutrini, tra cui le loro masse nonch\u00e9 propriet\u00e0 pi\u00f9 esotiche come eventuali interazioni &#8220;non-standard&#8221; previste in alcuni scenari di fisica al di l\u00e0 del modello standard. Studia inoltre le cosiddette componenti &#8220;oscure&#8221; dell&#8217;Universo in relazione a particelle ipotetiche come i neutrini sterili, gli assioni e i majoroni.<\/p>\n<p>Possiede anche un forte background nell&#8217;analisi e nell&#8217;interpretazione dei dati delle anisotropie della radiazione di fondo cosmica di microonde (CMB) e delle strutture a grande scala (LSS) dell&#8217;Universo, nonch\u00e9 in generale nel campo dell&#8217;inferenza statistica e dei metodi Bayesiani. \u00c8 stato membro del Core Team della collaborazione Planck, rivestendo un ruolo chiave nell&#8217;analisi dei dati sulla polarizzazione a grandi scale del Low-Frequency Instrument (LFI) di Planck, sviluppando e validando il codice di likelihood impiegato nella data release 2015 di Planck. Massimiliano \u00e8 attualmente coinvolto negli esperimenti LiteBIRD, LSPE e Simons Observatory per l&#8217;osservazione della polarizzazione della CMB \u00e8 ed un membro del consorzio Euclid. Per quest&#8217;ultimo, ha guidato l&#8217;attivit\u00e0 relativa allo sviluppo di un framework di likelihood per l&#8217;analisi della cross-correlazione tra le osservazioni della CMB e i dati sulla distribuzione di materia del satellite Euclid dell&#8217;ESA.<\/p>\n<p>Massimiliano crede fortemente nell&#8217;importanza dell&#8217;istruzione, a tutti i livelli, e della divulgazione. \u00c8 stato relatore di numerose tesi triennali, magistrali e di dottorato. Contribuisce dal 2015 alle attivit\u00e0 di divulgazione rivolte agli studenti di scuola superiore organizzate dall&#8217;Universit\u00e0 di Ferrara. Nel 2017 ha partecipato a una discussione pubblica, rivolta alla cittadinanza, sul documentario sul CERN &#8220;Il Senso della Bellezza&#8221;. Ha contribuito all&#8217;iniziativa &#8221; Pint of Science&#8221; a Ferrara dando un seminario informale, rivolto a non specialisti, sullo sviluppo del paradigma inflazionario. Nel 2024 \u00e8 stato uno dei relatori della manifestazione &#8220;I Venerd\u00ec dell&#8217;Universo&#8221;, con un seminario su &#8220;L&#8217;Universo come laboratorio: dialogo tra la Cosmologia e la Fisica delle particelle&#8221;.<\/p>\n<\/div>\n<div><span style=\"color: #333333;\">\u00a0<\/span><\/div>\n<div><\/div>\n<div><\/div>\n<div><\/div>\n<div>\n<p><em><strong>Contatti<\/strong><\/em>:<\/p>\n<p>E-mail: <a href=\"mailto:lattanzi@fe.infn.it\">lattanzi@fe.infn.it<\/a><\/p>\n<p>Ufficio: 419 Blocco C<\/p>\n<p>Telefono Ufficio: 0532 974363<\/p>\n<p>Ricevimento: Su appuntamento<\/p>\n<p>Pagina unife docente: <a href=\"http:\/\/servizi.unife.it\/rubrica\/utenti\/massimiliano-lattanzi\">http:\/\/servizi.unife.it\/rubrica\/utenti\/massimiliano-lattanzi<\/a><\/p>\n<\/div>\n","protected":false},"excerpt":{"rendered":"<p>Massimiliano Lattanzi Ricercatore a tempo indeterminato INFN Massimiliano Lattanzi \u00e8 primo ricercatore presso l&#8217;Istituto Nazionale di Fisica Nucleare (INFN) e professore a contratto all&#8217;Universit\u00e0 di Ferrara, dove insegna il corso di Bayesian Inference per la laurea magistrale in Physics. Ha conseguito il Dottorato presso l&#8217;Universit\u00e0 di Roma &#8220;Sapienza&#8221;, con una tesi sui vincoli cosmologici alla [&hellip;]<\/p>\n","protected":false},"author":1,"featured_media":0,"parent":0,"menu_order":0,"comment_status":"closed","ping_status":"closed","template":"","meta":{"footnotes":""},"class_list":["post-256","page","type-page","status-publish","hentry"],"_links":{"self":[{"href":"https:\/\/www.fe.infn.it\/cosmologia\/index.php?rest_route=\/wp\/v2\/pages\/256","targetHints":{"allow":["GET"]}}],"collection":[{"href":"https:\/\/www.fe.infn.it\/cosmologia\/index.php?rest_route=\/wp\/v2\/pages"}],"about":[{"href":"https:\/\/www.fe.infn.it\/cosmologia\/index.php?rest_route=\/wp\/v2\/types\/page"}],"author":[{"embeddable":true,"href":"https:\/\/www.fe.infn.it\/cosmologia\/index.php?rest_route=\/wp\/v2\/users\/1"}],"replies":[{"embeddable":true,"href":"https:\/\/www.fe.infn.it\/cosmologia\/index.php?rest_route=%2Fwp%2Fv2%2Fcomments&post=256"}],"version-history":[{"count":48,"href":"https:\/\/www.fe.infn.it\/cosmologia\/index.php?rest_route=\/wp\/v2\/pages\/256\/revisions"}],"predecessor-version":[{"id":2367,"href":"https:\/\/www.fe.infn.it\/cosmologia\/index.php?rest_route=\/wp\/v2\/pages\/256\/revisions\/2367"}],"wp:attachment":[{"href":"https:\/\/www.fe.infn.it\/cosmologia\/index.php?rest_route=%2Fwp%2Fv2%2Fmedia&parent=256"}],"curies":[{"name":"wp","href":"https:\/\/api.w.org\/{rel}","templated":true}]}}