{"id":2411,"date":"2026-03-24T13:37:18","date_gmt":"2026-03-24T12:37:18","guid":{"rendered":"https:\/\/www.fe.infn.it\/cosmologia\/?page_id=2411"},"modified":"2026-04-09T15:19:38","modified_gmt":"2026-04-09T13:19:38","slug":"camille-demay","status":"publish","type":"page","link":"https:\/\/www.fe.infn.it\/cosmologia\/?page_id=2411","title":{"rendered":"Camille Demay"},"content":{"rendered":"<h1><span style=\"color: #22a1c4;\"><strong>Camille Demay<\/strong><\/span><\/h1>\n<p>PhD student<\/p>\n<h4><span style=\"color: #ffffff;\"><strong>XLI ciclo<\/strong><\/span><\/h4>\n<p><img loading=\"lazy\" decoding=\"async\" class=\"alignnone wp-image-1242 size-medium\" src=\"http:\/\/www.fe.infn.it\/cosmologia\/wp-content\/uploads\/2026\/04\/camlled_picture.jpg\" alt=\"Camille Demay\" width=\"234\" height=\"300\"><\/p>\n<p>Camille Demay \u00e8 un dottorando del Corso di Dottorato Nazionale in Space Science and Technology amministrato dall&#8217;Universit\u00e0 di Trento. Il Corso ha l&#8217;obiettivo di formare una nuova generazione esperta nei campi di scienza, ingegneria, tecnologia e relazioni internazionali nel settore spaziale, fornendole conoscenze, abilit\u00e0 e competenze necessarie nelle aree di ricerca di interesse delle universit\u00e0 e degli enti di ricerca coinvolti nel programma.<\/p>\n<p>Al termine del NPAC master program a Parigi, Camille ha completato la master internship presso il Centre de Physique des Particules de Marseille nel 2025. Ha lavorato sulla stima del growth rate delle strutture cosmologiche da osservazioni di redshift space distortion e velocit\u00e0 peculiari. Ha stimato le sensibilit\u00e0 attese da osservazioni attuali e future e ha determinato la capacit\u00e0 di queste osservazioni di distinguere tra modelli di gravit\u00e0 modificata e di energia oscura.<\/p>\n<p>Durante i tre anni a Ferrara, Camille applicher\u00e0 le proprie conoscenze all&#8217;analisi di osservazioni di radiazione di fondo cosmico (CMB). Lavorer\u00e0 sullo sviluppo di un formalismo spin-based per l&#8217;estrazione di mappe della CMB e per la generazione di simulazioni veloci e precise per lo studio e la mitigazione di effetti sistematici.<\/p>\n<p><em><strong>Contatti:<\/strong><\/em><\/p>\n<p>E-mail: <a href=\"mailto:camille.demay@unife.it\">camille.demay@unife.it<\/a> or <a href=\"mailto:camille.demay@unitn.it\">camille.demay@unitn.it<\/a><\/p>\n<p>Ufficio: Blocco C, stanza 429<\/p>\n","protected":false},"excerpt":{"rendered":"<p>Camille Demay PhD student XLI ciclo Camille Demay \u00e8 un dottorando del Corso di Dottorato Nazionale in Space Science and Technology amministrato dall&#8217;Universit\u00e0 di Trento. Il Corso ha l&#8217;obiettivo di formare una nuova generazione esperta nei campi di scienza, ingegneria, tecnologia e relazioni internazionali nel settore spaziale, fornendole conoscenze, abilit\u00e0 e competenze necessarie nelle aree [&hellip;]<\/p>\n","protected":false},"author":4,"featured_media":0,"parent":0,"menu_order":0,"comment_status":"closed","ping_status":"closed","template":"","meta":{"footnotes":""},"class_list":["post-2411","page","type-page","status-publish","hentry"],"_links":{"self":[{"href":"https:\/\/www.fe.infn.it\/cosmologia\/index.php?rest_route=\/wp\/v2\/pages\/2411","targetHints":{"allow":["GET"]}}],"collection":[{"href":"https:\/\/www.fe.infn.it\/cosmologia\/index.php?rest_route=\/wp\/v2\/pages"}],"about":[{"href":"https:\/\/www.fe.infn.it\/cosmologia\/index.php?rest_route=\/wp\/v2\/types\/page"}],"author":[{"embeddable":true,"href":"https:\/\/www.fe.infn.it\/cosmologia\/index.php?rest_route=\/wp\/v2\/users\/4"}],"replies":[{"embeddable":true,"href":"https:\/\/www.fe.infn.it\/cosmologia\/index.php?rest_route=%2Fwp%2Fv2%2Fcomments&post=2411"}],"version-history":[{"count":5,"href":"https:\/\/www.fe.infn.it\/cosmologia\/index.php?rest_route=\/wp\/v2\/pages\/2411\/revisions"}],"predecessor-version":[{"id":2451,"href":"https:\/\/www.fe.infn.it\/cosmologia\/index.php?rest_route=\/wp\/v2\/pages\/2411\/revisions\/2451"}],"wp:attachment":[{"href":"https:\/\/www.fe.infn.it\/cosmologia\/index.php?rest_route=%2Fwp%2Fv2%2Fmedia&parent=2411"}],"curies":[{"name":"wp","href":"https:\/\/api.w.org\/{rel}","templated":true}]}}