{"id":2306,"date":"2025-07-11T14:07:16","date_gmt":"2025-07-11T12:07:16","guid":{"rendered":"https:\/\/www.fe.infn.it\/cosmologia\/?page_id=2306"},"modified":"2025-07-16T10:16:59","modified_gmt":"2025-07-16T08:16:59","slug":"valentina-genesini","status":"publish","type":"page","link":"https:\/\/www.fe.infn.it\/cosmologia\/?page_id=2306","title":{"rendered":"Valentina Genesini"},"content":{"rendered":"<h1><span style=\"color: #22a1c4;\"><strong>Valentina Genesini<\/strong><\/span><\/h1>\n<p>PhD student<\/p>\n<h4><span style=\"color: #ffffff;\"><strong>XL ciclo<\/strong><\/span><\/h4>\n<p><img loading=\"lazy\" decoding=\"async\" class=\"alignnone wp-image-1242 size-medium\" src=\"http:\/\/www.fe.infn.it\/cosmologia\/wp-content\/uploads\/2025\/07\/Genesini-scaled.jpg\" alt=\"Valentina Genesini\" width=\"234\" height=\"300\"><\/p>\n<p>La ricerca di Valentina si concentra sullo sviluppo e l&#8217;implementazione di un algoritmo di likelihood volto a migliorare i vincoli sull&#8217;opacit\u00e0 ottica della reionizzazione. Sfruttando i dati di polarizzazione ad alta precisione ricavati dai satelliti WMAP e Planck, il suo lavoro contribuisce a perfezionare la nostra comprensione di questo parametro cosmologico. Vincoli pi\u00f9 precisi sull&#8217;opacit\u00e0 ottica alla reionizzazione hanno rilevanti implicazioni anche su parametri correlati, come le masse e le propriet\u00e0 dei neutrini, permettendo una comprensione pi\u00f9 approfondita dell\u2019Universo primordiale.<\/p>\n","protected":false},"excerpt":{"rendered":"<p>Valentina Genesini PhD student XL ciclo La ricerca di Valentina si concentra sullo sviluppo e l&#8217;implementazione di un algoritmo di likelihood volto a migliorare i vincoli sull&#8217;opacit\u00e0 ottica della reionizzazione. Sfruttando i dati di polarizzazione ad alta precisione ricavati dai satelliti WMAP e Planck, il suo lavoro contribuisce a perfezionare la nostra comprensione di questo [&hellip;]<\/p>\n","protected":false},"author":4,"featured_media":0,"parent":0,"menu_order":0,"comment_status":"closed","ping_status":"closed","template":"","meta":{"footnotes":""},"class_list":["post-2306","page","type-page","status-publish","hentry"],"_links":{"self":[{"href":"https:\/\/www.fe.infn.it\/cosmologia\/index.php?rest_route=\/wp\/v2\/pages\/2306","targetHints":{"allow":["GET"]}}],"collection":[{"href":"https:\/\/www.fe.infn.it\/cosmologia\/index.php?rest_route=\/wp\/v2\/pages"}],"about":[{"href":"https:\/\/www.fe.infn.it\/cosmologia\/index.php?rest_route=\/wp\/v2\/types\/page"}],"author":[{"embeddable":true,"href":"https:\/\/www.fe.infn.it\/cosmologia\/index.php?rest_route=\/wp\/v2\/users\/4"}],"replies":[{"embeddable":true,"href":"https:\/\/www.fe.infn.it\/cosmologia\/index.php?rest_route=%2Fwp%2Fv2%2Fcomments&post=2306"}],"version-history":[{"count":3,"href":"https:\/\/www.fe.infn.it\/cosmologia\/index.php?rest_route=\/wp\/v2\/pages\/2306\/revisions"}],"predecessor-version":[{"id":2400,"href":"https:\/\/www.fe.infn.it\/cosmologia\/index.php?rest_route=\/wp\/v2\/pages\/2306\/revisions\/2400"}],"wp:attachment":[{"href":"https:\/\/www.fe.infn.it\/cosmologia\/index.php?rest_route=%2Fwp%2Fv2%2Fmedia&parent=2306"}],"curies":[{"name":"wp","href":"https:\/\/api.w.org\/{rel}","templated":true}]}}