{"id":1831,"date":"2022-12-02T16:13:06","date_gmt":"2022-12-02T15:13:06","guid":{"rendered":"https:\/\/www.fe.infn.it\/cosmologia\/?page_id=1831"},"modified":"2026-03-24T13:37:56","modified_gmt":"2026-03-24T12:37:56","slug":"giorgia-zagatti","status":"publish","type":"page","link":"https:\/\/www.fe.infn.it\/cosmologia\/?page_id=1831","title":{"rendered":"Giorgia Zagatti"},"content":{"rendered":"<h1><span style=\"color: #22a1c4;\"><strong>Giorgia Zagatti<\/strong><\/span><\/h1>\n<p>PhD student<\/p>\n<h4><span style=\"color: #ffffff;\"><strong>XXXVIII ciclo<\/strong><\/span><\/h4>\n<p><img loading=\"lazy\" decoding=\"async\" class=\"alignnone wp-image-1242 size-medium\" src=\"http:\/\/www.fe.infn.it\/cosmologia\/wp-content\/uploads\/2016\/11\/admin-ajax.png\" alt=\"Giorgia Zagatti\" width=\"234\" height=\"300\"><\/p>\n<p>Durante il lavoro di tesi magistrale, Giorgia si \u00e8 occupata dello studio di un effetto oltre il Modello Standard, ovvero la Birifrangenza Cosmica. In particolare, ha sviluppato un codice che, prese in input le mappe di polarizzazione di CMB, \u00e8 in grado di restituire lo spettro e la mappa del campo di birifrangenza.<br \/>\nIl suo attuale progetto di ricerca \u00e8 finalizzato alla costruzione, e alla conseguente implementazione, di un modello analitico in grado di descrivere le emissioni dei possibili foregrounds a tutte le frequenze. Una modellizzazione teorica dei foreground permetter\u00e0 un pi\u00f9 accurato studio dei parametri cosmologici a partire da osservazioni di CMB e, inoltre, consentir\u00e0 l\u2019analisi dei processi di formazione ed evoluzione delle strutture a larga scala.<\/p>\n<p><em><strong>Contatti:<\/strong><\/em><\/p>\n<p>E-mail: <a href=\"mailto:\"><\/a><\/p>\n<p>Ufficio: Blocco C, stanza 413<\/p>\n","protected":false},"excerpt":{"rendered":"<p>Giorgia Zagatti PhD student XXXVIII ciclo Durante il lavoro di tesi magistrale, Giorgia si \u00e8 occupata dello studio di un effetto oltre il Modello Standard, ovvero la Birifrangenza Cosmica. In particolare, ha sviluppato un codice che, prese in input le mappe di polarizzazione di CMB, \u00e8 in grado di restituire lo spettro e la mappa [&hellip;]<\/p>\n","protected":false},"author":4,"featured_media":0,"parent":0,"menu_order":0,"comment_status":"closed","ping_status":"closed","template":"","meta":{"footnotes":""},"class_list":["post-1831","page","type-page","status-publish","hentry"],"_links":{"self":[{"href":"https:\/\/www.fe.infn.it\/cosmologia\/index.php?rest_route=\/wp\/v2\/pages\/1831","targetHints":{"allow":["GET"]}}],"collection":[{"href":"https:\/\/www.fe.infn.it\/cosmologia\/index.php?rest_route=\/wp\/v2\/pages"}],"about":[{"href":"https:\/\/www.fe.infn.it\/cosmologia\/index.php?rest_route=\/wp\/v2\/types\/page"}],"author":[{"embeddable":true,"href":"https:\/\/www.fe.infn.it\/cosmologia\/index.php?rest_route=\/wp\/v2\/users\/4"}],"replies":[{"embeddable":true,"href":"https:\/\/www.fe.infn.it\/cosmologia\/index.php?rest_route=%2Fwp%2Fv2%2Fcomments&post=1831"}],"version-history":[{"count":3,"href":"https:\/\/www.fe.infn.it\/cosmologia\/index.php?rest_route=\/wp\/v2\/pages\/1831\/revisions"}],"predecessor-version":[{"id":2285,"href":"https:\/\/www.fe.infn.it\/cosmologia\/index.php?rest_route=\/wp\/v2\/pages\/1831\/revisions\/2285"}],"wp:attachment":[{"href":"https:\/\/www.fe.infn.it\/cosmologia\/index.php?rest_route=%2Fwp%2Fv2%2Fmedia&parent=1831"}],"curies":[{"name":"wp","href":"https:\/\/api.w.org\/{rel}","templated":true}]}}